{"id":359,"date":"2021-07-04T17:08:29","date_gmt":"2021-07-04T15:08:29","guid":{"rendered":"http:\/\/grand8.org\/?page_id=359"},"modified":"2021-08-26T17:11:04","modified_gmt":"2021-08-26T15:11:04","slug":"ateliers","status":"publish","type":"page","link":"https:\/\/grand8.org\/index.php\/ateliers\/","title":{"rendered":"ATELIERS"},"content":{"rendered":"\t\t<div data-elementor-type=\"wp-page\" data-elementor-id=\"359\" class=\"elementor elementor-359\">\n\t\t\t\t\t\t<section class=\"elementor-section elementor-top-section elementor-element elementor-element-71831dc elementor-section-boxed elementor-section-height-default elementor-section-height-default\" data-id=\"71831dc\" data-element_type=\"section\" data-e-type=\"section\">\n\t\t\t\t\t\t<div class=\"elementor-container elementor-column-gap-default\">\n\t\t\t\t\t<div class=\"elementor-column elementor-col-100 elementor-top-column elementor-element elementor-element-55ef0c2\" data-id=\"55ef0c2\" data-element_type=\"column\" data-e-type=\"column\">\n\t\t\t<div class=\"elementor-widget-wrap elementor-element-populated\">\n\t\t\t\t\t\t<div class=\"elementor-element elementor-element-9e02c41 elementor-widget elementor-widget-heading\" data-id=\"9e02c41\" data-element_type=\"widget\" data-e-type=\"widget\" data-widget_type=\"heading.default\">\n\t\t\t\t<div class=\"elementor-widget-container\">\n\t\t\t\t\t<h2 class=\"elementor-heading-title elementor-size-default\">Ateliers participatifs tout public - Et\u00e9 2021 - Marseille<\/h2>\t\t\t\t<\/div>\n\t\t\t\t<\/div>\n\t\t\t\t\t<\/div>\n\t\t<\/div>\n\t\t\t\t\t<\/div>\n\t\t<\/section>\n\t\t\t\t<section class=\"elementor-section elementor-top-section elementor-element elementor-element-5c7d6d1 elementor-section-boxed elementor-section-height-default elementor-section-height-default\" data-id=\"5c7d6d1\" data-element_type=\"section\" data-e-type=\"section\">\n\t\t\t\t\t\t<div class=\"elementor-container elementor-column-gap-default\">\n\t\t\t\t\t<div class=\"elementor-column elementor-col-100 elementor-top-column elementor-element elementor-element-784e19f\" data-id=\"784e19f\" data-element_type=\"column\" data-e-type=\"column\">\n\t\t\t<div class=\"elementor-widget-wrap elementor-element-populated\">\n\t\t\t\t\t\t<div class=\"elementor-element elementor-element-917694d elementor-widget elementor-widget-text-editor\" data-id=\"917694d\" data-element_type=\"widget\" data-e-type=\"widget\" data-widget_type=\"text-editor.default\">\n\t\t\t\t<div class=\"elementor-widget-container\">\n\t\t\t\t\t\t\t\t\t<p><span style=\"font-family: Lato;\"><i><i>Grand8 propose des ateliers participatifs musique \/ voix \/ mouvement, ouverts \u00e0 tous et toutes, enfants et adultes.<br \/>Tous les ateliers se d\u00e9roulent de 16h30 \u00e0 18h<br \/><\/i><\/i><\/span><\/p><p>Gratuit sur inscription : <a href=\"&#x6d;&#x61;&#105;l&#x74;&#x6f;&#x3a;&#97;t&#x65;&#x6c;&#x69;&#101;r&#x73;&#x40;&#x67;&#114;a&#x6e;&#x64;&#x38;&#46;o&#x72;&#x67;\">a&#116;&#x65;&#x6c;&#x69;e&#114;&#x73;&#x40;&#x67;r&#97;&#x6e;&#x64;&#x38;&#46;&#111;&#x72;&#x67;<\/a><\/p>\t\t\t\t\t\t\t\t<\/div>\n\t\t\t\t<\/div>\n\t\t\t\t\t<\/div>\n\t\t<\/div>\n\t\t\t\t\t<\/div>\n\t\t<\/section>\n\t\t\t\t<section class=\"elementor-section elementor-top-section elementor-element elementor-element-b9d3c99 elementor-section-boxed elementor-section-height-default elementor-section-height-default\" data-id=\"b9d3c99\" data-element_type=\"section\" data-e-type=\"section\">\n\t\t\t\t\t\t<div class=\"elementor-container elementor-column-gap-default\">\n\t\t\t\t\t<div class=\"elementor-column elementor-col-100 elementor-top-column elementor-element elementor-element-897d58e\" data-id=\"897d58e\" data-element_type=\"column\" data-e-type=\"column\">\n\t\t\t<div class=\"elementor-widget-wrap\">\n\t\t\t\t\t\t\t<\/div>\n\t\t<\/div>\n\t\t\t\t\t<\/div>\n\t\t<\/section>\n\t\t\t\t<section class=\"elementor-section elementor-top-section elementor-element elementor-element-093fe50 elementor-section-boxed elementor-section-height-default elementor-section-height-default\" data-id=\"093fe50\" data-element_type=\"section\" data-e-type=\"section\">\n\t\t\t\t\t\t<div class=\"elementor-container elementor-column-gap-default\">\n\t\t\t\t\t<div class=\"elementor-column elementor-col-50 elementor-top-column elementor-element elementor-element-a415692\" data-id=\"a415692\" data-element_type=\"column\" data-e-type=\"column\">\n\t\t\t<div class=\"elementor-widget-wrap elementor-element-populated\">\n\t\t\t\t\t\t<div class=\"elementor-element elementor-element-bdfe4a7 elementor-widget elementor-widget-text-editor\" data-id=\"bdfe4a7\" data-element_type=\"widget\" data-e-type=\"widget\" data-widget_type=\"text-editor.default\">\n\t\t\t\t<div class=\"elementor-widget-container\">\n\t\t\t\t\t\t\t\t\t<p><strong>18 Juillet \/ Paroles en jeu<br \/><\/strong><strong>Jardin Spinelly, impasse Spinelly<\/strong><br \/><em>Improvisation de mati\u00e8res\/mots, men\u00e9 par Fran\u00e7ois Wong<\/em><br \/><em>The Pool and the Soup<\/em>, cr\u00e9ation d\u2019une pi\u00e8ce participative d\u2019Alessandro Bosetti. <br \/>A l\u2019aide d\u2019un codage manuel simple, les participants sont invit\u00e9s \u00e0 utiliser la parole. Voix rapides, lentes, douces, fortes, en boucle, transform\u00e9es, menteuses, rieuses ; voix solo, m\u00eal\u00e9es, en conversation ; voix signifiantes ou voix mati\u00e8res, unissonantes ou d\u00e9sacord\u00e9es, langues de tous les pays\u2026 Voix ludiques.<br \/>Un atelier intense au cours duquel les participants se trouveront dans une aventure d\u2019\u00e9coute et d\u2019improvisation, de cr\u00e9ation sans pr\u00e9alable. La production finale sera enregistr\u00e9e.<\/p><p><strong>25 Juillet \/ Mouvement et improvisation<br \/>Comptoir de la Victorine, 29 rue Toussaint<\/strong><br \/><em>Danse improvis\u00e9e, men\u00e9 par Barbara Pereyra et Emmanuel Cremer<\/em><br \/>Le public pr\u00e9sent et int\u00e9ress\u00e9 est invit\u00e9 avant la performance \u00e0 un temps d\u2019exploration du mouvement, de la danse en groupe, de l\u2019improvisation collective. \u00a0Par des jeux issus du monde de la danse, guid\u00e9s par une danseuse et en relation avec la musique live, les participants \u00e9volueront dans l\u2019espace avec la notion de temps, seront amen\u00e9s \u00e0 sentir la relation du corps \u00e0 ce qui l\u2019entoure et au travers de cette chor\u00e9graphie improvis\u00e9e \u00e0 percevoir\u00a0l\u2019ensemble du groupe de fa\u00e7on spontan\u00e9e.<\/p><p><strong>1er Ao\u00fbt \/ Les bricoleurs de souffle<br \/>CAL des Mart\u00e9gales, 13 rue des Mart\u00e9gales<\/strong><br \/><em>Conte musical participatif accompagn\u00e9 de plasticophones, <\/em><em>men\u00e9 par Laurent Charles<br \/><\/em>A partir d&rsquo;une cr\u00e9ation litt\u00e9raire de V\u00e9ronique Pugliese, sur la vie et les aventures de la tribu des bricoleurs de souffle, nous entrainons les participants dans une aventure musicale et sonore \u00e0 partir d&rsquo;instrument \u00e0 vents, les plastic-ophones. Tuyaux Pvc et bec de saxophone. <br \/>Le conte musical s&rsquo;\u00e9labore au fur et \u00e0 mesure, en lien \u00e9troit entre narration et musique collective. Chaque moment ou situation de l&rsquo;histoire sera support \u00e0 une pi\u00e8ce musicale. Maitrise du souffle et du son, jeu d&rsquo;\u00e9coute collective, rythme et forme emm\u00e8ne chacun dans cet imaginaire sonore du conte.<\/p><p><strong>8 ao\u00fbt \/ Les voix de l&rsquo;improvisation<br \/>Jardin de la Maternit\u00e9, angle bd Ricard Traverse Sery<\/strong><br \/><em>Voix improvis\u00e9es, <\/em><em>men\u00e9 par Catherine Jauniaux<br \/><\/em>Voix. <br \/>Jouer avec notre Voix parl\u00e9e et chant\u00e9e, celle de tous les jours faite de rires, d\u2019exclamations, de cris, de langues diff\u00e9rentes et imaginaires. Partager une \u00e9coute de notre environnement, en jouer artistiquement et surtout avec plaisir. En faire de la musique ?<\/p><p><strong>19 ao\u00fbt \/ Jeux d&rsquo;attention<br \/>Jardin de la Maternit\u00e9, <\/strong><strong>angle bd Ricard Traverse Sery<\/strong><br \/><em>Jeux d\u2019attention, <\/em><em>men\u00e9 par Ed Williams et Chlo\u00e9 Saffores<br \/><\/em>Comment voir ensemble ? Comment \u00e9couter ensemble ? Dans quelles relations sommes-nous pris.es ici, comment en jouer ?<br \/>Autant de questions qui nous animeront avec des jeux d\u2019attention avec l\u2019improvisation, cette pratique qui transforme le savoir en saveur&#8230;<\/p><p><strong>22 ao\u00fbt \/ Improvisation multisonore<br \/>Jardin Spinelly, impasse Spinelly<\/strong><br \/><em>Multisons improvis\u00e9s, <\/em><em>men\u00e9 par Catherine Jauniaux\/Sebastien Bouhana<br \/><\/em>L\u2019\u00e9coute de ce qui nous entoure est d\u00e9j\u00e0 une source musicale. Comment \u00e0 partir de cette \u00e9coute, des mati\u00e8res frott\u00e9es, cogn\u00e9es, caress\u00e9es ou gratt\u00e9es, souffl\u00e9es ou chant\u00e9es pouvons-nous jouer, partager et laisser libre court \u00e0 notre imaginaire \u2026<\/p><p><strong>29 ao\u00fbt \/ Paroles en jeu<br \/>Comptoir de la Victorine, 29 rue Toussaint<\/strong><br \/><em>Improvisation de mati\u00e8res\/mots, men\u00e9 par Fran\u00e7ois Wong<\/em><br \/><em>The Pool and the Soup<\/em>, cr\u00e9ation d\u2019une pi\u00e8ce participative d\u2019Alessandro Bosetti. <br \/>A l\u2019aide d\u2019un codage manuel simple, les participants sont invit\u00e9s \u00e0 utiliser la parole. Voix rapides, lentes, douces, fortes, en boucle, transform\u00e9es, menteuses, rieuses ; voix solo, m\u00eal\u00e9es, en conversation ; voix signifiantes ou voix mati\u00e8res, unissonantes ou d\u00e9sacord\u00e9es, langues de tous les pays\u2026 Voix ludiques.<br \/>Un atelier intense au cours duquel les participants se trouveront dans une aventure d\u2019\u00e9coute et d\u2019improvisation, de cr\u00e9ation sans pr\u00e9alable. <\/p>\t\t\t\t\t\t\t\t<\/div>\n\t\t\t\t<\/div>\n\t\t\t\t\t<\/div>\n\t\t<\/div>\n\t\t\t\t<div class=\"elementor-column elementor-col-50 elementor-top-column elementor-element elementor-element-12545ef\" data-id=\"12545ef\" data-element_type=\"column\" data-e-type=\"column\">\n\t\t\t<div class=\"elementor-widget-wrap elementor-element-populated\">\n\t\t\t\t\t\t<div class=\"elementor-element elementor-element-3069961 elementor-widget elementor-widget-image\" data-id=\"3069961\" data-element_type=\"widget\" data-e-type=\"widget\" data-widget_type=\"image.default\">\n\t\t\t\t<div class=\"elementor-widget-container\">\n\t\t\t\t\t\t\t\t\t\t\t\t\t\t\t<img decoding=\"async\" src=\"https:\/\/grand8.org\/wp-content\/uploads\/2021\/07\/ete-grand8-recto_web.jpg\" title=\"\" alt=\"\" loading=\"lazy\" \/>\t\t\t\t\t\t\t\t\t\t\t\t\t\t\t<\/div>\n\t\t\t\t<\/div>\n\t\t\t\t<div class=\"elementor-element elementor-element-0c04832 elementor-widget elementor-widget-image\" data-id=\"0c04832\" data-element_type=\"widget\" data-e-type=\"widget\" data-widget_type=\"image.default\">\n\t\t\t\t<div class=\"elementor-widget-container\">\n\t\t\t\t\t\t\t\t\t\t\t\t\t\t\t<img decoding=\"async\" src=\"https:\/\/grand8.org\/wp-content\/uploads\/2021\/07\/ete-grand8-verso-web.jpg\" title=\"\" alt=\"\" loading=\"lazy\" \/>\t\t\t\t\t\t\t\t\t\t\t\t\t\t\t<\/div>\n\t\t\t\t<\/div>\n\t\t\t\t\t<\/div>\n\t\t<\/div>\n\t\t\t\t\t<\/div>\n\t\t<\/section>\n\t\t\t\t<\/div>\n\t\t","protected":false},"excerpt":{"rendered":"<p>Ateliers participatifs tout public &#8211; Et\u00e9 2021 &#8211; Marseille Grand8 propose des ateliers participatifs musique \/ voix \/ mouvement, ouverts \u00e0 tous et toutes, enfants et adultes.Tous les ateliers se d\u00e9roulent de 16h30 \u00e0 18h Gratuit sur inscription : &#97;&#x74;&#x65;&#108;&#x69;&#x65;r&#x73;&#x40;g&#114;&#x61;n&#100;&#x38;&#46;&#111;&#x72;g 18 Juillet \/ Paroles en jeuJardin Spinelly, impasse SpinellyImprovisation de mati\u00e8res\/mots, men\u00e9 par Fran\u00e7ois WongThe&hellip;&nbsp;<a href=\"https:\/\/grand8.org\/index.php\/ateliers\/\" rel=\"bookmark\">Lire la suite &raquo;<span class=\"screen-reader-text\">ATELIERS<\/span><\/a><\/p>\n","protected":false},"author":1,"featured_media":0,"parent":0,"menu_order":0,"comment_status":"closed","ping_status":"closed","template":"page-templates\/template-pagebuilder-full-width.php","meta":{"neve_meta_sidebar":"full-width","neve_meta_container":"","neve_meta_enable_content_width":"on","neve_meta_content_width":100,"neve_meta_title_alignment":"","neve_meta_author_avatar":"","neve_post_elements_order":"","neve_meta_disable_header":"","neve_meta_disable_footer":"","neve_meta_disable_title":"","footnotes":""},"class_list":["post-359","page","type-page","status-publish","hentry"],"_links":{"self":[{"href":"https:\/\/grand8.org\/index.php\/wp-json\/wp\/v2\/pages\/359","targetHints":{"allow":["GET"]}}],"collection":[{"href":"https:\/\/grand8.org\/index.php\/wp-json\/wp\/v2\/pages"}],"about":[{"href":"https:\/\/grand8.org\/index.php\/wp-json\/wp\/v2\/types\/page"}],"author":[{"embeddable":true,"href":"https:\/\/grand8.org\/index.php\/wp-json\/wp\/v2\/users\/1"}],"replies":[{"embeddable":true,"href":"https:\/\/grand8.org\/index.php\/wp-json\/wp\/v2\/comments?post=359"}],"version-history":[{"count":27,"href":"https:\/\/grand8.org\/index.php\/wp-json\/wp\/v2\/pages\/359\/revisions"}],"predecessor-version":[{"id":396,"href":"https:\/\/grand8.org\/index.php\/wp-json\/wp\/v2\/pages\/359\/revisions\/396"}],"wp:attachment":[{"href":"https:\/\/grand8.org\/index.php\/wp-json\/wp\/v2\/media?parent=359"}],"curies":[{"name":"wp","href":"https:\/\/api.w.org\/{rel}","templated":true}]}}