{"id":150,"date":"2021-03-26T23:08:50","date_gmt":"2021-03-26T22:08:50","guid":{"rendered":"http:\/\/grand8.org\/?page_id=150"},"modified":"2021-03-28T19:06:20","modified_gmt":"2021-03-28T17:06:20","slug":"grand-air","status":"publish","type":"page","link":"https:\/\/grand8.org\/index.php\/grand-air\/","title":{"rendered":"Grand Air"},"content":{"rendered":"\t\t<div data-elementor-type=\"wp-page\" data-elementor-id=\"150\" class=\"elementor elementor-150\">\n\t\t\t\t\t\t<section class=\"elementor-section elementor-top-section elementor-element elementor-element-71831dc elementor-section-boxed elementor-section-height-default elementor-section-height-default\" data-id=\"71831dc\" data-element_type=\"section\" data-e-type=\"section\">\n\t\t\t\t\t\t<div class=\"elementor-container elementor-column-gap-default\">\n\t\t\t\t\t<div class=\"elementor-column elementor-col-100 elementor-top-column elementor-element elementor-element-55ef0c2\" data-id=\"55ef0c2\" data-element_type=\"column\" data-e-type=\"column\">\n\t\t\t<div class=\"elementor-widget-wrap elementor-element-populated\">\n\t\t\t\t\t\t<div class=\"elementor-element elementor-element-9e02c41 elementor-widget elementor-widget-heading\" data-id=\"9e02c41\" data-element_type=\"widget\" data-e-type=\"widget\" data-widget_type=\"heading.default\">\n\t\t\t\t<div class=\"elementor-widget-container\">\n\t\t\t\t\t<h2 class=\"elementor-heading-title elementor-size-default\">GrandAir<\/h2>\t\t\t\t<\/div>\n\t\t\t\t<\/div>\n\t\t\t\t\t<\/div>\n\t\t<\/div>\n\t\t\t\t\t<\/div>\n\t\t<\/section>\n\t\t\t\t<section class=\"elementor-section elementor-top-section elementor-element elementor-element-5c7d6d1 elementor-section-boxed elementor-section-height-default elementor-section-height-default\" data-id=\"5c7d6d1\" data-element_type=\"section\" data-e-type=\"section\">\n\t\t\t\t\t\t<div class=\"elementor-container elementor-column-gap-default\">\n\t\t\t\t\t<div class=\"elementor-column elementor-col-100 elementor-top-column elementor-element elementor-element-784e19f\" data-id=\"784e19f\" data-element_type=\"column\" data-e-type=\"column\">\n\t\t\t<div class=\"elementor-widget-wrap elementor-element-populated\">\n\t\t\t\t\t\t<div class=\"elementor-element elementor-element-917694d elementor-widget elementor-widget-text-editor\" data-id=\"917694d\" data-element_type=\"widget\" data-e-type=\"widget\" data-widget_type=\"text-editor.default\">\n\t\t\t\t<div class=\"elementor-widget-container\">\n\t\t\t\t\t\t\t\t\t<p><span style=\"font-family: Lato;\"><i><i>Des concerts impromptus dans l\u2019espace ext\u00e9rieur.<br \/><\/i><\/i><i>L\u2019invitation de danseurs et de musiciens improvisateurs.<\/i><\/span><\/p>\t\t\t\t\t\t\t\t<\/div>\n\t\t\t\t<\/div>\n\t\t\t\t\t<\/div>\n\t\t<\/div>\n\t\t\t\t\t<\/div>\n\t\t<\/section>\n\t\t\t\t<section class=\"elementor-section elementor-top-section elementor-element elementor-element-b9d3c99 elementor-section-boxed elementor-section-height-default elementor-section-height-default\" data-id=\"b9d3c99\" data-element_type=\"section\" data-e-type=\"section\">\n\t\t\t\t\t\t<div class=\"elementor-container elementor-column-gap-default\">\n\t\t\t\t\t<div class=\"elementor-column elementor-col-100 elementor-top-column elementor-element elementor-element-897d58e\" data-id=\"897d58e\" data-element_type=\"column\" data-e-type=\"column\">\n\t\t\t<div class=\"elementor-widget-wrap elementor-element-populated\">\n\t\t\t\t\t\t<div class=\"elementor-element elementor-element-266c689 elementor-widget elementor-widget-image\" data-id=\"266c689\" data-element_type=\"widget\" data-e-type=\"widget\" data-widget_type=\"image.default\">\n\t\t\t\t<div class=\"elementor-widget-container\">\n\t\t\t\t\t\t\t\t\t\t\t\t\t\t\t<img decoding=\"async\" src=\"https:\/\/grand8.org\/wp-content\/uploads\/2021\/03\/GrandAir_generique.jpg\" title=\"\" alt=\"\" loading=\"lazy\" \/>\t\t\t\t\t\t\t\t\t\t\t\t\t\t\t<\/div>\n\t\t\t\t<\/div>\n\t\t\t\t\t<\/div>\n\t\t<\/div>\n\t\t\t\t\t<\/div>\n\t\t<\/section>\n\t\t\t\t<section class=\"elementor-section elementor-top-section elementor-element elementor-element-001387c elementor-section-boxed elementor-section-height-default elementor-section-height-default\" data-id=\"001387c\" data-element_type=\"section\" data-e-type=\"section\">\n\t\t\t\t\t\t<div class=\"elementor-container elementor-column-gap-default\">\n\t\t\t\t\t<div class=\"elementor-column elementor-col-100 elementor-top-column elementor-element elementor-element-04c24ec\" data-id=\"04c24ec\" data-element_type=\"column\" data-e-type=\"column\">\n\t\t\t<div class=\"elementor-widget-wrap elementor-element-populated\">\n\t\t\t\t\t\t<div class=\"elementor-element elementor-element-3034aa4 elementor-widget elementor-widget-text-editor\" data-id=\"3034aa4\" data-element_type=\"widget\" data-e-type=\"widget\" data-widget_type=\"text-editor.default\">\n\t\t\t\t<div class=\"elementor-widget-container\">\n\t\t\t\t\t\t\t\t\t<p><span style=\"font-family: Lato;\">La s\u00e9rie des <b>GrandAir <\/b>a commenc\u00e9 en mai 2020, \u00e0 la fin de la p\u00e9riode de confinement. Avec l\u2019id\u00e9e de rebondir, Grand8 s\u2019est dirig\u00e9 vers les espaces ext\u00e9rieurs pour d\u00e9ployer sa musique. Les GrandAir on soulev\u00e9 une s\u00e9rie de questions li\u00e9es \u00e0 l\u2019exploration de ces nouveaux terrains de jeu\u00a0: la fabrication du son en<\/span><br \/><span style=\"font-family: Lato;\">ext\u00e9rieur, l\u2019influence des espaces ouverts sur l\u2019organisation de la musique et des corps, la rencontre de nouveaux publics. <\/span><br \/><span style=\"font-family: Lato;\">La forme l\u00e9g\u00e8re, acoustique, est privil\u00e9gi\u00e9e pour ces interventions.<\/span><\/p><p><span style=\"font-family: Lato;\">Les premiers GrandAir ont eu lieu dans les parcs marseillais (Parc Longchamp, Parc Foresta), et un d\u00e9veloppement r\u00e9gional est \u00e0 l\u2019\u00e9tude pour 2022.<\/span><\/p>\t\t\t\t\t\t\t\t<\/div>\n\t\t\t\t<\/div>\n\t\t\t\t\t<\/div>\n\t\t<\/div>\n\t\t\t\t\t<\/div>\n\t\t<\/section>\n\t\t\t\t<\/div>\n\t\t","protected":false},"excerpt":{"rendered":"<p>GrandAir Des concerts impromptus dans l\u2019espace ext\u00e9rieur.L\u2019invitation de danseurs et de musiciens improvisateurs. La s\u00e9rie des GrandAir a commenc\u00e9 en mai 2020, \u00e0 la fin de la p\u00e9riode de confinement. Avec l\u2019id\u00e9e de rebondir, Grand8 s\u2019est dirig\u00e9 vers les espaces ext\u00e9rieurs pour d\u00e9ployer sa musique. Les GrandAir on soulev\u00e9 une s\u00e9rie de questions li\u00e9es \u00e0&hellip;&nbsp;<a href=\"https:\/\/grand8.org\/index.php\/grand-air\/\" rel=\"bookmark\">Lire la suite &raquo;<span class=\"screen-reader-text\">Grand Air<\/span><\/a><\/p>\n","protected":false},"author":1,"featured_media":0,"parent":0,"menu_order":0,"comment_status":"closed","ping_status":"closed","template":"page-templates\/template-pagebuilder-full-width.php","meta":{"neve_meta_sidebar":"full-width","neve_meta_container":"","neve_meta_enable_content_width":"on","neve_meta_content_width":100,"neve_meta_title_alignment":"","neve_meta_author_avatar":"","neve_post_elements_order":"","neve_meta_disable_header":"","neve_meta_disable_footer":"","neve_meta_disable_title":"","footnotes":""},"class_list":["post-150","page","type-page","status-publish","hentry"],"_links":{"self":[{"href":"https:\/\/grand8.org\/index.php\/wp-json\/wp\/v2\/pages\/150","targetHints":{"allow":["GET"]}}],"collection":[{"href":"https:\/\/grand8.org\/index.php\/wp-json\/wp\/v2\/pages"}],"about":[{"href":"https:\/\/grand8.org\/index.php\/wp-json\/wp\/v2\/types\/page"}],"author":[{"embeddable":true,"href":"https:\/\/grand8.org\/index.php\/wp-json\/wp\/v2\/users\/1"}],"replies":[{"embeddable":true,"href":"https:\/\/grand8.org\/index.php\/wp-json\/wp\/v2\/comments?post=150"}],"version-history":[{"count":13,"href":"https:\/\/grand8.org\/index.php\/wp-json\/wp\/v2\/pages\/150\/revisions"}],"predecessor-version":[{"id":236,"href":"https:\/\/grand8.org\/index.php\/wp-json\/wp\/v2\/pages\/150\/revisions\/236"}],"wp:attachment":[{"href":"https:\/\/grand8.org\/index.php\/wp-json\/wp\/v2\/media?parent=150"}],"curies":[{"name":"wp","href":"https:\/\/api.w.org\/{rel}","templated":true}]}}