{"id":13,"date":"2021-01-21T16:22:40","date_gmt":"2021-01-21T15:22:40","guid":{"rendered":"http:\/\/grand8.org\/?page_id=13"},"modified":"2022-03-02T23:11:56","modified_gmt":"2022-03-02T22:11:56","slug":"lensemble","status":"publish","type":"page","link":"https:\/\/grand8.org\/index.php\/lensemble\/","title":{"rendered":"L&rsquo;ENSEMBLE"},"content":{"rendered":"\t\t<div data-elementor-type=\"wp-page\" data-elementor-id=\"13\" class=\"elementor elementor-13\">\n\t\t\t\t\t\t<section class=\"elementor-section elementor-top-section elementor-element elementor-element-7fbb34e elementor-section-boxed elementor-section-height-default elementor-section-height-default\" data-id=\"7fbb34e\" data-element_type=\"section\" data-e-type=\"section\">\n\t\t\t\t\t\t<div class=\"elementor-container elementor-column-gap-default\">\n\t\t\t\t\t<div class=\"elementor-column elementor-col-100 elementor-top-column elementor-element elementor-element-03ca56e\" data-id=\"03ca56e\" data-element_type=\"column\" data-e-type=\"column\">\n\t\t\t<div class=\"elementor-widget-wrap elementor-element-populated\">\n\t\t\t\t\t\t<div class=\"elementor-element elementor-element-07b85e3 elementor-widget elementor-widget-image\" data-id=\"07b85e3\" data-element_type=\"widget\" data-e-type=\"widget\" data-widget_type=\"image.default\">\n\t\t\t\t<div class=\"elementor-widget-container\">\n\t\t\t\t\t\t\t\t\t\t\t\t<figure class=\"wp-caption\">\n\t\t\t\t\t\t\t\t\t\t<img fetchpriority=\"high\" decoding=\"async\" width=\"1800\" height=\"720\" src=\"https:\/\/grand8.org\/wp-content\/uploads\/2021\/01\/Grand8_01_recadre.jpg\" class=\"attachment-full size-full wp-image-84\" alt=\"\" srcset=\"https:\/\/grand8.org\/wp-content\/uploads\/2021\/01\/Grand8_01_recadre.jpg 1800w, https:\/\/grand8.org\/wp-content\/uploads\/2021\/01\/Grand8_01_recadre-300x120.jpg 300w, https:\/\/grand8.org\/wp-content\/uploads\/2021\/01\/Grand8_01_recadre-1024x410.jpg 1024w, https:\/\/grand8.org\/wp-content\/uploads\/2021\/01\/Grand8_01_recadre-768x307.jpg 768w, https:\/\/grand8.org\/wp-content\/uploads\/2021\/01\/Grand8_01_recadre-1536x614.jpg 1536w\" sizes=\"(max-width: 1800px) 100vw, 1800px\" \/>\t\t\t\t\t\t\t\t\t\t\t<figcaption class=\"widget-image-caption wp-caption-text\">\u00a9Clara Lafuente<\/figcaption>\n\t\t\t\t\t\t\t\t\t\t<\/figure>\n\t\t\t\t\t\t\t\t\t<\/div>\n\t\t\t\t<\/div>\n\t\t\t\t\t<\/div>\n\t\t<\/div>\n\t\t\t\t\t<\/div>\n\t\t<\/section>\n\t\t\t\t<section class=\"elementor-section elementor-top-section elementor-element elementor-element-f131a69 elementor-section-boxed elementor-section-height-default elementor-section-height-default\" data-id=\"f131a69\" data-element_type=\"section\" data-e-type=\"section\">\n\t\t\t\t\t\t<div class=\"elementor-container elementor-column-gap-default\">\n\t\t\t\t\t<div class=\"elementor-column elementor-col-100 elementor-top-column elementor-element elementor-element-2181095\" data-id=\"2181095\" data-element_type=\"column\" data-e-type=\"column\">\n\t\t\t<div class=\"elementor-widget-wrap elementor-element-populated\">\n\t\t\t\t\t\t<div class=\"elementor-element elementor-element-a67980e elementor-widget elementor-widget-heading\" data-id=\"a67980e\" data-element_type=\"widget\" data-e-type=\"widget\" data-widget_type=\"heading.default\">\n\t\t\t\t<div class=\"elementor-widget-container\">\n\t\t\t\t\t<h2 class=\"elementor-heading-title elementor-size-default\">L'ensemble<\/h2>\t\t\t\t<\/div>\n\t\t\t\t<\/div>\n\t\t\t\t\t<\/div>\n\t\t<\/div>\n\t\t\t\t\t<\/div>\n\t\t<\/section>\n\t\t\t\t<section class=\"elementor-section elementor-top-section elementor-element elementor-element-52228dd elementor-section-boxed elementor-section-height-default elementor-section-height-default\" data-id=\"52228dd\" data-element_type=\"section\" data-e-type=\"section\">\n\t\t\t\t\t\t<div class=\"elementor-container elementor-column-gap-default\">\n\t\t\t\t\t<div class=\"elementor-column elementor-col-100 elementor-top-column elementor-element elementor-element-1d5ad08\" data-id=\"1d5ad08\" data-element_type=\"column\" data-e-type=\"column\">\n\t\t\t<div class=\"elementor-widget-wrap elementor-element-populated\">\n\t\t\t\t\t\t<div class=\"elementor-element elementor-element-b38c882 elementor-widget elementor-widget-text-editor\" data-id=\"b38c882\" data-element_type=\"widget\" data-e-type=\"widget\" data-widget_type=\"text-editor.default\">\n\t\t\t\t<div class=\"elementor-widget-container\">\n\t\t\t\t\t\t\t\t\t<p><span style=\"font-family: Lato;\">Aujourd\u2019hui, Grand8 r\u00e9unit principalement des musiciens de Marseille et sa r\u00e9gion, avec \u00e9galement quelques membres plus \u00e9loign\u00e9s (Nantes, Crest, Bruxelles, Berlin). Elles et ils se regroupent autour de l\u2019id\u00e9e cruciale et majeure de jouer, une musique, improvis\u00e9e, en grand ensemble, avec la conscience de l\u2019orchestre.<\/span><\/p><p><span style=\"font-family: Lato;\">Singularit\u00e9 et diff\u00e9rence, similitude et accord sont l\u00e0, au service de tous et de chacun pour construire et faire : Grand8 pourrait s\u2019apparenter \u00e0 une sorte d\u2019organisme sonore, un corps issu de la somme d\u2019un tout. Il laisse et fait circuler, tels les syst\u00e8mes vitaux du corps humain, les \u00e9nergies individuelles et communes. Il conjugue avec jubilation une, des, musiques organiques et vivantes, il s\u2019ouvre \u00e0, et \u00e9change avec, ce qui l\u2019entoure.<\/span><\/p><p><span style=\"font-family: Lato;\">L\u2019\u00e9coute est au centre. Elle guide et permet un \u00e9quilibre entre la construction minutieuse et la spontan\u00e9it\u00e9, entre la ma\u00eetrise et l\u2019al\u00e9atoire, entre l\u2019organisation orchestrale et sa transgression.<\/span><\/p><p><span style=\"font-family: Lato;\">L\u2019objet \u00e9chappe au contr\u00f4le individuel, mais reste sous une ma\u00eetrise collective. Chacun est responsable du tout, et tous sont \u00e9pris de libert\u00e9. Exp\u00e9rience de l\u2019individu dans l\u2019ensemble et de l\u2018ensemble dans l\u2019individu.<\/span><\/p><p><span style=\"font-family: Lato;\">Grand8 se pla\u00eet \u00e0 cheminer sur les voies qui privil\u00e9gient le parcours \u00e0 la destination. L\u2019id\u00e9e du \u00ab sans chef d\u2019orchestre \u00bb oblige les musicien\u00b7nes \u00e0 b\u00e2tir un commun, tout en \u00e9tant volontaires, aventureu\u00b7ses, curieu\u00b7ses et rigoureu\u00b7ses. La parole devient abondante et coll\u00e9giale. Elle est indispensable pour \u00e9voquer la musique, le fonctionnement humain, les choix d\u2019organisation.<\/span><\/p><p><span style=\"font-family: Lato;\">Au-del\u00e0 des param\u00e8tres de la musique, du son, et de leurs traitements, l\u2019ensemble aborde les questions de l\u2019espace, du corps, du mouvement, de la pr\u00e9sence. Il spatialise le son, et chor\u00e9graphie l\u2019espace avec d\u00e9lectation.<\/span><\/p><p><span style=\"font-family: Lato;\">Grand8 parle aussi d\u2019\u00e9mancipation musicale, interroge au-del\u00e0 m\u00eame de la musique sur l\u2019organisation d\u2019un groupe d\u2019individus. Il s\u2019engage \u00e0 rechercher la parit\u00e9 musiciennes-musiciens, quels que soient leur outil ou leur pratique. Il prend un contre-pied-de-nez au contexte \u00e9conomique qui oblige trop souvent \u00e0 penser des ensembles musicaux de taille r\u00e9duite.<\/span><\/p>\t\t\t\t\t\t\t\t<\/div>\n\t\t\t\t<\/div>\n\t\t\t\t\t<\/div>\n\t\t<\/div>\n\t\t\t\t\t<\/div>\n\t\t<\/section>\n\t\t\t\t<section class=\"elementor-section elementor-top-section elementor-element elementor-element-da2d6fa elementor-section-boxed elementor-section-height-default elementor-section-height-default\" data-id=\"da2d6fa\" data-element_type=\"section\" data-e-type=\"section\">\n\t\t\t\t\t\t<div class=\"elementor-container elementor-column-gap-default\">\n\t\t\t\t\t<div class=\"elementor-column elementor-col-100 elementor-top-column elementor-element elementor-element-3ecbe41\" data-id=\"3ecbe41\" data-element_type=\"column\" data-e-type=\"column\">\n\t\t\t<div class=\"elementor-widget-wrap elementor-element-populated\">\n\t\t\t\t\t\t<div class=\"elementor-element elementor-element-10fbf37 elementor-widget elementor-widget-heading\" data-id=\"10fbf37\" data-element_type=\"widget\" data-e-type=\"widget\" data-widget_type=\"heading.default\">\n\t\t\t\t<div class=\"elementor-widget-container\">\n\t\t\t\t\t<h3 class=\"elementor-heading-title elementor-size-default\">Grand8 croise et rencontre<\/h3>\t\t\t\t<\/div>\n\t\t\t\t<\/div>\n\t\t\t\t\t<\/div>\n\t\t<\/div>\n\t\t\t\t\t<\/div>\n\t\t<\/section>\n\t\t\t\t<section class=\"elementor-section elementor-top-section elementor-element elementor-element-9fc0555 elementor-section-boxed elementor-section-height-default elementor-section-height-default\" data-id=\"9fc0555\" data-element_type=\"section\" data-e-type=\"section\">\n\t\t\t\t\t\t<div class=\"elementor-container elementor-column-gap-default\">\n\t\t\t\t\t<div class=\"elementor-column elementor-col-100 elementor-top-column elementor-element elementor-element-5421c66\" data-id=\"5421c66\" data-element_type=\"column\" data-e-type=\"column\">\n\t\t\t<div class=\"elementor-widget-wrap elementor-element-populated\">\n\t\t\t\t\t\t<div class=\"elementor-element elementor-element-e0085ef elementor-widget elementor-widget-text-editor\" data-id=\"e0085ef\" data-element_type=\"widget\" data-e-type=\"widget\" data-widget_type=\"text-editor.default\">\n\t\t\t\t<div class=\"elementor-widget-container\">\n\t\t\t\t\t\t\t\t\t<p>&#8211; Invitations de musiciens de passage aux journ\u00e9es de r\u00e9p\u00e9tition : ils am\u00e8nent d\u2019autres ouvertures dans le travail.<\/p><p>&#8211; Invitation d\u2019autres grands ensembles : d\u2019abord avec l\u2019AaPI, ensemble dr\u00f4mois, sous la forme d\u2019un \u00e9change aller-retour (concert \u00e0 F\u00e9lines en octobre 2018, puis au GMEM Marseille en janvier 2019). Puis en 2019 avec l\u2019invitation du UN (Bordeaux, avec notamment J\u00e9r\u00f4me Noetinger, Lionel Marchetti, Sophie Agnel, Claire Bergerault, Michel Doneda\u2026) pour un concert-plateau de 35 musiciens au GMEM. Grand8 nomme alors cette rencontre le Grand Vertige. La deuxi\u00e8me \u00e9dition de ce festival a lieu en 2021 avec l&rsquo;invitation du Dreieck Interf\u00e9rences Ensemble de la r\u00e9gion Grand Est.<\/p><p>&#8211; Invitation d\u2019autres disciplines : travail et performances avec des danseurs improvisateurs (Bernard Menaut, Isabelle Cavoit, Bertrand, Lombard, Blaise Powell\u2026) ainsi qu\u2019avec la plasticienne Eva Gr\u00fcber Lloret (peinture sur le vif) et la calligraphe Christel Basset.<\/p><p>\u00a0<\/p>\t\t\t\t\t\t\t\t<\/div>\n\t\t\t\t<\/div>\n\t\t\t\t\t<\/div>\n\t\t<\/div>\n\t\t\t\t\t<\/div>\n\t\t<\/section>\n\t\t\t\t<section class=\"elementor-section elementor-top-section elementor-element elementor-element-1781657 elementor-section-boxed elementor-section-height-default elementor-section-height-default\" data-id=\"1781657\" data-element_type=\"section\" data-e-type=\"section\">\n\t\t\t\t\t\t<div class=\"elementor-container elementor-column-gap-default\">\n\t\t\t\t\t<div class=\"elementor-column elementor-col-100 elementor-top-column elementor-element elementor-element-ad3dcff\" data-id=\"ad3dcff\" data-element_type=\"column\" data-e-type=\"column\">\n\t\t\t<div class=\"elementor-widget-wrap elementor-element-populated\">\n\t\t\t\t\t\t<div class=\"elementor-element elementor-element-5e8ecec elementor-widget elementor-widget-heading\" data-id=\"5e8ecec\" data-element_type=\"widget\" data-e-type=\"widget\" data-widget_type=\"heading.default\">\n\t\t\t\t<div class=\"elementor-widget-container\">\n\t\t\t\t\t<h3 class=\"elementor-heading-title elementor-size-default\">Grand8 organise et joue<\/h3>\t\t\t\t<\/div>\n\t\t\t\t<\/div>\n\t\t\t\t\t<\/div>\n\t\t<\/div>\n\t\t\t\t\t<\/div>\n\t\t<\/section>\n\t\t\t\t<section class=\"elementor-section elementor-top-section elementor-element elementor-element-b8162c1 elementor-section-boxed elementor-section-height-default elementor-section-height-default\" data-id=\"b8162c1\" data-element_type=\"section\" data-e-type=\"section\">\n\t\t\t\t\t\t<div class=\"elementor-container elementor-column-gap-default\">\n\t\t\t\t\t<div class=\"elementor-column elementor-col-100 elementor-top-column elementor-element elementor-element-3514b75\" data-id=\"3514b75\" data-element_type=\"column\" data-e-type=\"column\">\n\t\t\t<div class=\"elementor-widget-wrap elementor-element-populated\">\n\t\t\t\t\t\t<div class=\"elementor-element elementor-element-85eca9b elementor-widget elementor-widget-text-editor\" data-id=\"85eca9b\" data-element_type=\"widget\" data-e-type=\"widget\" data-widget_type=\"text-editor.default\">\n\t\t\t\t<div class=\"elementor-widget-container\">\n\t\t\t\t\t\t\t\t\t<p>Depuis septembre 2018 l\u2019ensemble anime les <em>Sessions Grand8<\/em>, un concert de musique improvis\u00e9e le premier vendredi de chaque mois au Comptoir de la Victorine (Marseille). A ce jour, ce sont plus de 15 Sessions qui ont eu lieu, avec des petites formes \u00e9manant de Grand8 + invit\u00e9s. De plus, en octobre 2019, Grand8 a mont\u00e9 son premier festival : le Grand Vertige, 3 jours de concerts et performances entre le GMEM, Musiques en Fabrique et la D\u00e9viation.<\/p><p>Plus simplement Grand8 peut jouer comme il l\u2019a fait au PIC-T\u00e9l\u00e9maque (Marseille, 2017\/2018\/2019), \u00e0 Apt (2016), \u00e0 l\u2019IMMS (La Friche Belle de Mai Marseille, 2018), \u00e0 l\u2019Imparfait (Festival des Musiques Insolentes, Cabasse, 2018).<\/p>\t\t\t\t\t\t\t\t<\/div>\n\t\t\t\t<\/div>\n\t\t\t\t\t<\/div>\n\t\t<\/div>\n\t\t\t\t\t<\/div>\n\t\t<\/section>\n\t\t\t\t<section class=\"elementor-section elementor-top-section elementor-element elementor-element-b802826 elementor-section-boxed elementor-section-height-default elementor-section-height-default\" data-id=\"b802826\" data-element_type=\"section\" data-e-type=\"section\">\n\t\t\t\t\t\t<div class=\"elementor-container elementor-column-gap-default\">\n\t\t\t\t\t<div class=\"elementor-column elementor-col-100 elementor-top-column elementor-element elementor-element-07d4567\" data-id=\"07d4567\" data-element_type=\"column\" data-e-type=\"column\">\n\t\t\t<div class=\"elementor-widget-wrap elementor-element-populated\">\n\t\t\t\t\t\t<div class=\"elementor-element elementor-element-2852445 elementor-widget elementor-widget-heading\" data-id=\"2852445\" data-element_type=\"widget\" data-e-type=\"widget\" data-widget_type=\"heading.default\">\n\t\t\t\t<div class=\"elementor-widget-container\">\n\t\t\t\t\t<h3 class=\"elementor-heading-title elementor-size-default\">Grand8 s\u2019entoure<\/h3>\t\t\t\t<\/div>\n\t\t\t\t<\/div>\n\t\t\t\t\t<\/div>\n\t\t<\/div>\n\t\t\t\t\t<\/div>\n\t\t<\/section>\n\t\t\t\t<section class=\"elementor-section elementor-top-section elementor-element elementor-element-3a2d2f6 elementor-section-boxed elementor-section-height-default elementor-section-height-default\" data-id=\"3a2d2f6\" data-element_type=\"section\" data-e-type=\"section\">\n\t\t\t\t\t\t<div class=\"elementor-container elementor-column-gap-default\">\n\t\t\t\t\t<div class=\"elementor-column elementor-col-100 elementor-top-column elementor-element elementor-element-fab1983\" data-id=\"fab1983\" data-element_type=\"column\" data-e-type=\"column\">\n\t\t\t<div class=\"elementor-widget-wrap elementor-element-populated\">\n\t\t\t\t\t\t<div class=\"elementor-element elementor-element-f41ca10 elementor-widget elementor-widget-text-editor\" data-id=\"f41ca10\" data-element_type=\"widget\" data-e-type=\"widget\" data-widget_type=\"text-editor.default\">\n\t\t\t\t<div class=\"elementor-widget-container\">\n\t\t\t\t\t\t\t\t\t<p>En plus d\u2019une structure d\u2019association, un coll\u00e8ge d\u2019observateurs a \u00e9t\u00e9 r\u00e9uni. Compos\u00e9 de gens du spectacle (com\u00e9diens, metteurs en sc\u00e8ne, danseurs, costumi\u00e8re, administratrice de compagnies\u2026), il est l\u2019\u0153il ext\u00e9rieur et critique qui questionne et sugg\u00e8re.<\/p>\t\t\t\t\t\t\t\t<\/div>\n\t\t\t\t<\/div>\n\t\t\t\t\t<\/div>\n\t\t<\/div>\n\t\t\t\t\t<\/div>\n\t\t<\/section>\n\t\t\t\t<\/div>\n\t\t","protected":false},"excerpt":{"rendered":"<p>\u00a9Clara Lafuente L&rsquo;ensemble Aujourd\u2019hui, Grand8 r\u00e9unit principalement des musiciens de Marseille et sa r\u00e9gion, avec \u00e9galement quelques membres plus \u00e9loign\u00e9s (Nantes, Crest, Bruxelles, Berlin). Elles et ils se regroupent autour de l\u2019id\u00e9e cruciale et majeure de jouer, une musique, improvis\u00e9e, en grand ensemble, avec la conscience de l\u2019orchestre. Singularit\u00e9 et diff\u00e9rence, similitude et accord sont&hellip;&nbsp;<a href=\"https:\/\/grand8.org\/index.php\/lensemble\/\" rel=\"bookmark\">Lire la suite &raquo;<span class=\"screen-reader-text\">L&rsquo;ENSEMBLE<\/span><\/a><\/p>\n","protected":false},"author":1,"featured_media":0,"parent":0,"menu_order":0,"comment_status":"closed","ping_status":"closed","template":"page-templates\/template-pagebuilder-full-width.php","meta":{"neve_meta_sidebar":"","neve_meta_container":"","neve_meta_enable_content_width":"","neve_meta_content_width":0,"neve_meta_title_alignment":"","neve_meta_author_avatar":"","neve_post_elements_order":"","neve_meta_disable_header":"","neve_meta_disable_footer":"","neve_meta_disable_title":"","footnotes":""},"class_list":["post-13","page","type-page","status-publish","hentry"],"_links":{"self":[{"href":"https:\/\/grand8.org\/index.php\/wp-json\/wp\/v2\/pages\/13","targetHints":{"allow":["GET"]}}],"collection":[{"href":"https:\/\/grand8.org\/index.php\/wp-json\/wp\/v2\/pages"}],"about":[{"href":"https:\/\/grand8.org\/index.php\/wp-json\/wp\/v2\/types\/page"}],"author":[{"embeddable":true,"href":"https:\/\/grand8.org\/index.php\/wp-json\/wp\/v2\/users\/1"}],"replies":[{"embeddable":true,"href":"https:\/\/grand8.org\/index.php\/wp-json\/wp\/v2\/comments?post=13"}],"version-history":[{"count":25,"href":"https:\/\/grand8.org\/index.php\/wp-json\/wp\/v2\/pages\/13\/revisions"}],"predecessor-version":[{"id":549,"href":"https:\/\/grand8.org\/index.php\/wp-json\/wp\/v2\/pages\/13\/revisions\/549"}],"wp:attachment":[{"href":"https:\/\/grand8.org\/index.php\/wp-json\/wp\/v2\/media?parent=13"}],"curies":[{"name":"wp","href":"https:\/\/api.w.org\/{rel}","templated":true}]}}